{"id":50124,"date":"2023-06-05T09:17:35","date_gmt":"2023-06-05T06:17:35","guid":{"rendered":"https:\/\/www.saimaalife.com\/?page_id=50124"},"modified":"2023-06-22T07:18:14","modified_gmt":"2023-06-22T04:18:14","slug":"find-your-nature","status":"publish","type":"page","link":"https:\/\/www.saimaalife.com\/fi\/","title":{"rendered":"L\u00f6yd\u00e4 luontosi"},"content":{"rendered":"<p class=\"p1\"><span class=\"s1\"><strong>Tutkimuksin on todennettu, miten luonto kaikissa muodoissaan tekee hyv\u00e4\u00e4 niin kehomme kuin mielemme terveydelle.<\/strong> Liian t\u00e4ydess\u00e4 ja digitalisoituneessa maailmassamme luontoyhteys elvytt\u00e4\u00e4 ja parantaa. Se auttaa k\u00e4sittelem\u00e4\u00e4n ajatuksiamme ja tunteitamme sek\u00e4 n\u00e4kem\u00e4\u00e4n merkityksellisen. <\/span><span class=\"s2\">Luonto ymp\u00e4rill\u00e4mme avaa my\u00f6s yhteyden sis\u00e4iseen, inhimilliseen ja henkil\u00f6kohtaiseen luontoomme. Se auttaa kuulemaan oman \u00e4\u00e4nemme, vahvistaa itsetuntemustamme ja itsetuntoamme, v\u00e4litt\u00e4\u00e4 my\u00f6t\u00e4tuntoa, antaa rohkeutta sek\u00e4 tukee vastausten ja innovaatioiden l\u00f6yt\u00e4misess\u00e4. Luonto antaa hyv\u00e4\u00e4 niin ty\u00f6h\u00f6mme kuin ihmissuhteisiimme. <\/span><span class=\"s1\">Se avaa meille polun stressist\u00e4 tasapainoisuuteen sek\u00e4 erilaisiin yksinkertaisiin ja luonnollisiin<\/span> <span class=\"s1\">keinoihin voida kest\u00e4v\u00e4mmin paremmin.<span class=\"Apple-converted-space\">&nbsp;<\/span><\/span><\/p>\n<p class=\"p1\"><span class=\"s1\"><strong>Autan sinua syvent\u00e4m\u00e4\u00e4n yhteytt\u00e4si niin ymp\u00e4rill\u00e4si olevaan kuin omaan sis\u00e4iseen luontoosi, jotta voit saada niiden viisauden ja voiman enemm\u00e4n k\u00e4ytt\u00f6\u00f6n arjessasi.<\/strong> Tervetuloa l\u00f6yt\u00e4m\u00e4\u00e4n luontosi ja kokemaan palasen el\u00e4m\u00e4\u00e4 Saimaalla!<\/span><\/p>\n<h2 class=\"p1\"><span class=\"s1\"><img loading=\"lazy\" decoding=\"async\" class=\"dg-text-icon wp-image-50218 size-full alignnone\" src=\"https:\/\/www.saimaalife.com\/wp-content\/uploads\/2023\/06\/SL-leaf_green_2.png\" alt=\"\" width=\"440\" height=\"429\"><\/span><span class=\"s1\">Mari, Punkaharju<\/span><\/h2>\n","protected":false},"excerpt":{"rendered":"<p>Tutkimuksin on todennettu, miten luonto kaikissa muodoissaan tekee hyv\u00e4\u00e4 niin kehomme kuin mielemme terveydelle. Liian t\u00e4ydess\u00e4 ja digitalisoituneessa maailmassamme&hellip;<\/p>\n","protected":false},"author":3,"featured_media":51035,"parent":0,"menu_order":0,"comment_status":"closed","ping_status":"closed","template":"","meta":{"ngg_post_thumbnail":0,"footnotes":""},"class_list":["post-50124","page","type-page","status-publish","has-post-thumbnail","hentry"],"yoast_head":"<!-- This site is optimized with the Yoast SEO plugin v27.5 - https:\/\/yoast.com\/product\/yoast-seo-wordpress\/ -->\n<title>L\u00f6yd\u00e4 luontosi - SaimaaLife<\/title>\n<meta name=\"description\" content=\"Tutkimuksin on todennettu, miten luonto kaikissa muodoissaan tekee hyv\u00e4\u00e4 niin kehomme kuin mielemme terveydelle. Liian t\u00e4ydess\u00e4 ja digitalisoituneessa\" \/>\n<meta name=\"robots\" content=\"index, follow, max-snippet:-1, max-image-preview:large, max-video-preview:-1\" \/>\n<link rel=\"canonical\" href=\"https:\/\/www.saimaalife.com\/fi\/\" \/>\n<meta property=\"og:locale\" content=\"fi_FI\" \/>\n<meta property=\"og:type\" content=\"article\" \/>\n<meta property=\"og:title\" content=\"L\u00f6yd\u00e4 luontosi - SaimaaLife\" \/>\n<meta property=\"og:description\" content=\"Tutkimuksin on todennettu, miten luonto kaikissa muodoissaan tekee hyv\u00e4\u00e4 niin kehomme kuin mielemme terveydelle. Liian t\u00e4ydess\u00e4 ja digitalisoituneessa\" \/>\n<meta property=\"og:url\" content=\"https:\/\/www.saimaalife.com\/fi\/\" \/>\n<meta property=\"og:site_name\" content=\"SaimaaLife\" \/>\n<meta property=\"article:publisher\" content=\"saimaalife\" \/>\n<meta property=\"article:modified_time\" content=\"2023-06-22T04:18:14+00:00\" \/>\n<meta property=\"og:image\" content=\"https:\/\/www.saimaalife.com\/wp-content\/uploads\/2023\/06\/SL-leaf_green_2.png\" \/>\n<meta name=\"twitter:card\" content=\"summary_large_image\" \/>\n<meta name=\"twitter:site\" content=\"@MariSaimaaLife\" \/>\n<meta name=\"twitter:label1\" content=\"Arvioitu lukuaika\" \/>\n\t<meta name=\"twitter:data1\" content=\"1 minute\" \/>\n<script type=\"application\/ld+json\" class=\"yoast-schema-graph\">{\"@context\":\"https:\\\/\\\/schema.org\",\"@graph\":[{\"@type\":\"WebPage\",\"@id\":\"https:\\\/\\\/www.saimaalife.com\\\/fi\\\/\",\"url\":\"https:\\\/\\\/www.saimaalife.com\\\/fi\\\/\",\"name\":\"L\u00f6yd\u00e4 luontosi - SaimaaLife\",\"isPartOf\":{\"@id\":\"https:\\\/\\\/www.saimaalife.com\\\/#website\"},\"primaryImageOfPage\":{\"@id\":\"https:\\\/\\\/www.saimaalife.com\\\/fi\\\/#primaryimage\"},\"image\":{\"@id\":\"https:\\\/\\\/www.saimaalife.com\\\/fi\\\/#primaryimage\"},\"thumbnailUrl\":\"https:\\\/\\\/www.saimaalife.com\\\/wp-content\\\/uploads\\\/2023\\\/06\\\/SaimaaLife_by_Mari_Nature_Inspired_from_Finland.jpg\",\"datePublished\":\"2023-06-05T06:17:35+00:00\",\"dateModified\":\"2023-06-22T04:18:14+00:00\",\"description\":\"Tutkimuksin on todennettu, miten luonto kaikissa muodoissaan tekee hyv\u00e4\u00e4 niin kehomme kuin mielemme terveydelle. Liian t\u00e4ydess\u00e4 ja digitalisoituneessa\",\"breadcrumb\":{\"@id\":\"https:\\\/\\\/www.saimaalife.com\\\/fi\\\/#breadcrumb\"},\"inLanguage\":\"fi\",\"potentialAction\":[{\"@type\":\"ReadAction\",\"target\":[\"https:\\\/\\\/www.saimaalife.com\\\/fi\\\/\"]}]},{\"@type\":\"ImageObject\",\"inLanguage\":\"fi\",\"@id\":\"https:\\\/\\\/www.saimaalife.com\\\/fi\\\/#primaryimage\",\"url\":\"https:\\\/\\\/www.saimaalife.com\\\/wp-content\\\/uploads\\\/2023\\\/06\\\/SaimaaLife_by_Mari_Nature_Inspired_from_Finland.jpg\",\"contentUrl\":\"https:\\\/\\\/www.saimaalife.com\\\/wp-content\\\/uploads\\\/2023\\\/06\\\/SaimaaLife_by_Mari_Nature_Inspired_from_Finland.jpg\",\"width\":2500,\"height\":1668},{\"@type\":\"BreadcrumbList\",\"@id\":\"https:\\\/\\\/www.saimaalife.com\\\/fi\\\/#breadcrumb\",\"itemListElement\":[{\"@type\":\"ListItem\",\"position\":1,\"name\":\"Home\",\"item\":\"https:\\\/\\\/www.saimaalife.com\\\/fi\\\/\"},{\"@type\":\"ListItem\",\"position\":2,\"name\":\"L\u00f6yd\u00e4 luontosi\"}]},{\"@type\":\"WebSite\",\"@id\":\"https:\\\/\\\/www.saimaalife.com\\\/#website\",\"url\":\"https:\\\/\\\/www.saimaalife.com\\\/\",\"name\":\"SaimaaLife\",\"description\":\"L\u00f6yd\u00e4 luontosi\",\"publisher\":{\"@id\":\"https:\\\/\\\/www.saimaalife.com\\\/#\\\/schema\\\/person\\\/133c2e4ebf018013818992fe058f7826\"},\"potentialAction\":[{\"@type\":\"SearchAction\",\"target\":{\"@type\":\"EntryPoint\",\"urlTemplate\":\"https:\\\/\\\/www.saimaalife.com\\\/?s={search_term_string}\"},\"query-input\":{\"@type\":\"PropertyValueSpecification\",\"valueRequired\":true,\"valueName\":\"search_term_string\"}}],\"inLanguage\":\"fi\"},{\"@type\":[\"Person\",\"Organization\"],\"@id\":\"https:\\\/\\\/www.saimaalife.com\\\/#\\\/schema\\\/person\\\/133c2e4ebf018013818992fe058f7826\",\"name\":\"Mari\",\"image\":{\"@type\":\"ImageObject\",\"inLanguage\":\"fi\",\"@id\":\"https:\\\/\\\/www.saimaalife.com\\\/wp-content\\\/uploads\\\/2023\\\/06\\\/logo-saimaalife.png\",\"url\":\"https:\\\/\\\/www.saimaalife.com\\\/wp-content\\\/uploads\\\/2023\\\/06\\\/logo-saimaalife.png\",\"contentUrl\":\"https:\\\/\\\/www.saimaalife.com\\\/wp-content\\\/uploads\\\/2023\\\/06\\\/logo-saimaalife.png\",\"width\":1921,\"height\":575,\"caption\":\"Mari\"},\"logo\":{\"@id\":\"https:\\\/\\\/www.saimaalife.com\\\/wp-content\\\/uploads\\\/2023\\\/06\\\/logo-saimaalife.png\"},\"sameAs\":[\"http:\\\/\\\/www.saimaalife.com\",\"saimaalife\"]}]}<\/script>\n<!-- \/ Yoast SEO plugin. -->","yoast_head_json":{"title":"L\u00f6yd\u00e4 luontosi - SaimaaLife","description":"Tutkimuksin on todennettu, miten luonto kaikissa muodoissaan tekee hyv\u00e4\u00e4 niin kehomme kuin mielemme terveydelle. Liian t\u00e4ydess\u00e4 ja digitalisoituneessa","robots":{"index":"index","follow":"follow","max-snippet":"max-snippet:-1","max-image-preview":"max-image-preview:large","max-video-preview":"max-video-preview:-1"},"canonical":"https:\/\/www.saimaalife.com\/fi\/","og_locale":"fi_FI","og_type":"article","og_title":"L\u00f6yd\u00e4 luontosi - SaimaaLife","og_description":"Tutkimuksin on todennettu, miten luonto kaikissa muodoissaan tekee hyv\u00e4\u00e4 niin kehomme kuin mielemme terveydelle. Liian t\u00e4ydess\u00e4 ja digitalisoituneessa","og_url":"https:\/\/www.saimaalife.com\/fi\/","og_site_name":"SaimaaLife","article_publisher":"saimaalife","article_modified_time":"2023-06-22T04:18:14+00:00","og_image":[{"url":"https:\/\/www.saimaalife.com\/wp-content\/uploads\/2023\/06\/SL-leaf_green_2.png","type":"","width":"","height":""}],"twitter_card":"summary_large_image","twitter_site":"@MariSaimaaLife","twitter_misc":{"Arvioitu lukuaika":"1 minute"},"schema":{"@context":"https:\/\/schema.org","@graph":[{"@type":"WebPage","@id":"https:\/\/www.saimaalife.com\/fi\/","url":"https:\/\/www.saimaalife.com\/fi\/","name":"L\u00f6yd\u00e4 luontosi - SaimaaLife","isPartOf":{"@id":"https:\/\/www.saimaalife.com\/#website"},"primaryImageOfPage":{"@id":"https:\/\/www.saimaalife.com\/fi\/#primaryimage"},"image":{"@id":"https:\/\/www.saimaalife.com\/fi\/#primaryimage"},"thumbnailUrl":"https:\/\/www.saimaalife.com\/wp-content\/uploads\/2023\/06\/SaimaaLife_by_Mari_Nature_Inspired_from_Finland.jpg","datePublished":"2023-06-05T06:17:35+00:00","dateModified":"2023-06-22T04:18:14+00:00","description":"Tutkimuksin on todennettu, miten luonto kaikissa muodoissaan tekee hyv\u00e4\u00e4 niin kehomme kuin mielemme terveydelle. Liian t\u00e4ydess\u00e4 ja digitalisoituneessa","breadcrumb":{"@id":"https:\/\/www.saimaalife.com\/fi\/#breadcrumb"},"inLanguage":"fi","potentialAction":[{"@type":"ReadAction","target":["https:\/\/www.saimaalife.com\/fi\/"]}]},{"@type":"ImageObject","inLanguage":"fi","@id":"https:\/\/www.saimaalife.com\/fi\/#primaryimage","url":"https:\/\/www.saimaalife.com\/wp-content\/uploads\/2023\/06\/SaimaaLife_by_Mari_Nature_Inspired_from_Finland.jpg","contentUrl":"https:\/\/www.saimaalife.com\/wp-content\/uploads\/2023\/06\/SaimaaLife_by_Mari_Nature_Inspired_from_Finland.jpg","width":2500,"height":1668},{"@type":"BreadcrumbList","@id":"https:\/\/www.saimaalife.com\/fi\/#breadcrumb","itemListElement":[{"@type":"ListItem","position":1,"name":"Home","item":"https:\/\/www.saimaalife.com\/fi\/"},{"@type":"ListItem","position":2,"name":"L\u00f6yd\u00e4 luontosi"}]},{"@type":"WebSite","@id":"https:\/\/www.saimaalife.com\/#website","url":"https:\/\/www.saimaalife.com\/","name":"SaimaaLife","description":"L\u00f6yd\u00e4 luontosi","publisher":{"@id":"https:\/\/www.saimaalife.com\/#\/schema\/person\/133c2e4ebf018013818992fe058f7826"},"potentialAction":[{"@type":"SearchAction","target":{"@type":"EntryPoint","urlTemplate":"https:\/\/www.saimaalife.com\/?s={search_term_string}"},"query-input":{"@type":"PropertyValueSpecification","valueRequired":true,"valueName":"search_term_string"}}],"inLanguage":"fi"},{"@type":["Person","Organization"],"@id":"https:\/\/www.saimaalife.com\/#\/schema\/person\/133c2e4ebf018013818992fe058f7826","name":"Mari","image":{"@type":"ImageObject","inLanguage":"fi","@id":"https:\/\/www.saimaalife.com\/wp-content\/uploads\/2023\/06\/logo-saimaalife.png","url":"https:\/\/www.saimaalife.com\/wp-content\/uploads\/2023\/06\/logo-saimaalife.png","contentUrl":"https:\/\/www.saimaalife.com\/wp-content\/uploads\/2023\/06\/logo-saimaalife.png","width":1921,"height":575,"caption":"Mari"},"logo":{"@id":"https:\/\/www.saimaalife.com\/wp-content\/uploads\/2023\/06\/logo-saimaalife.png"},"sameAs":["http:\/\/www.saimaalife.com","saimaalife"]}]}},"meta_box":{"dg_page_caption":"Luonnollisesti paras","dg_image":{"width":353,"height":235,"file":"2023\/06\/mari_pennanen_finland_saimaa.jpg","filesize":334200,"sizes":{"medium":{"file":"mari_pennanen_finland_saimaa-831x800.jpg","width":831,"height":800,"mime-type":"image\/jpeg","filesize":195907,"url":"https:\/\/www.saimaalife.com\/wp-content\/uploads\/2023\/06\/mari_pennanen_finland_saimaa-831x800.jpg"},"large":{"file":"mari_pennanen_finland_saimaa-1024x986.jpg","width":1024,"height":986,"mime-type":"image\/jpeg","filesize":280216,"url":"https:\/\/www.saimaalife.com\/wp-content\/uploads\/2023\/06\/mari_pennanen_finland_saimaa-1024x986.jpg"},"thumbnail":{"file":"mari_pennanen_finland_saimaa-353x235.jpg","width":353,"height":235,"mime-type":"image\/jpeg","filesize":33952,"url":"https:\/\/www.saimaalife.com\/wp-content\/uploads\/2023\/06\/mari_pennanen_finland_saimaa-353x235.jpg"},"medium_large":{"file":"mari_pennanen_finland_saimaa-768x739.jpg","width":768,"height":739,"mime-type":"image\/jpeg","filesize":171273,"url":"https:\/\/www.saimaalife.com\/wp-content\/uploads\/2023\/06\/mari_pennanen_finland_saimaa-768x739.jpg"},"small-thumb":{"file":"mari_pennanen_finland_saimaa-230x154.jpg","width":230,"height":154,"mime-type":"image\/jpeg","filesize":16348,"url":"https:\/\/www.saimaalife.com\/wp-content\/uploads\/2023\/06\/mari_pennanen_finland_saimaa-230x154.jpg"},"full-thumb":{"file":"mari_pennanen_finland_saimaa-940x905.jpg","width":940,"height":905,"mime-type":"image\/jpeg","filesize":242810,"url":"https:\/\/www.saimaalife.com\/wp-content\/uploads\/2023\/06\/mari_pennanen_finland_saimaa-940x905.jpg"},"slider-thumb":{"file":"mari_pennanen_finland_saimaa-650x440.jpg","width":650,"height":440,"mime-type":"image\/jpeg","filesize":98490,"url":"https:\/\/www.saimaalife.com\/wp-content\/uploads\/2023\/06\/mari_pennanen_finland_saimaa-650x440.jpg"},"thumb":{"file":"mari_pennanen_finland_saimaa-440x294.jpg","width":440,"height":294,"mime-type":"image\/jpeg","filesize":49274,"url":"https:\/\/www.saimaalife.com\/wp-content\/uploads\/2023\/06\/mari_pennanen_finland_saimaa-440x294.jpg"}},"image_meta":{"aperture":"0","credit":"","camera":"","caption":"","created_timestamp":"0","copyright":"","focal_length":"0","iso":"0","shutter_speed":"0","title":"","orientation":"0","keywords":[]},"ID":"50116","name":"mari_pennanen_finland_saimaa.jpg","path":"\/var\/www\/vhosts\/saimaalife.fi\/httpdocs_2023\/wp-content\/uploads\/2023\/06\/mari_pennanen_finland_saimaa.jpg","url":"https:\/\/www.saimaalife.com\/wp-content\/uploads\/2023\/06\/mari_pennanen_finland_saimaa-353x235.jpg","full_url":"https:\/\/www.saimaalife.com\/wp-content\/uploads\/2023\/06\/mari_pennanen_finland_saimaa.jpg","title":"mari_pennanen_finland_saimaa","caption":"","description":"","alt":"","srcset":"https:\/\/www.saimaalife.com\/wp-content\/uploads\/2023\/06\/mari_pennanen_finland_saimaa-353x235.jpg 353w, https:\/\/www.saimaalife.com\/wp-content\/uploads\/2023\/06\/mari_pennanen_finland_saimaa-230x154.jpg 230w, https:\/\/www.saimaalife.com\/wp-content\/uploads\/2023\/06\/mari_pennanen_finland_saimaa-440x294.jpg 440w"},"dg_video":"https:\/\/youtu.be\/jYabERiSnRM","dg_page_select":[{"post_id":"50047","text":"Kuka olen?<br>Mik\u00e4 SaimaaLife?"},{"post_id":"50063","text":"Shinrin = Mets\u00e4<br>Yoku = Kylpy"},{"post_id":"50073","text":"Tule Saimaalle"},{"post_id":"50122","text":"Lue blogikirjoituksiani"},{"post_id":"50148","clickurl":"https:\/\/shop.saimaalife.com\/fi","text":"Tervetuloa SaimaaLife kauppaan","new_window":"1"},{"post_id":"50161"}]},"_links":{"self":[{"href":"https:\/\/www.saimaalife.com\/fi\/wp-json\/wp\/v2\/pages\/50124","targetHints":{"allow":["GET"]}}],"collection":[{"href":"https:\/\/www.saimaalife.com\/fi\/wp-json\/wp\/v2\/pages"}],"about":[{"href":"https:\/\/www.saimaalife.com\/fi\/wp-json\/wp\/v2\/types\/page"}],"author":[{"embeddable":true,"href":"https:\/\/www.saimaalife.com\/fi\/wp-json\/wp\/v2\/users\/3"}],"replies":[{"embeddable":true,"href":"https:\/\/www.saimaalife.com\/fi\/wp-json\/wp\/v2\/comments?post=50124"}],"version-history":[{"count":16,"href":"https:\/\/www.saimaalife.com\/fi\/wp-json\/wp\/v2\/pages\/50124\/revisions"}],"predecessor-version":[{"id":50597,"href":"https:\/\/www.saimaalife.com\/fi\/wp-json\/wp\/v2\/pages\/50124\/revisions\/50597"}],"wp:featuredmedia":[{"embeddable":true,"href":"https:\/\/www.saimaalife.com\/fi\/wp-json\/wp\/v2\/media\/51035"}],"wp:attachment":[{"href":"https:\/\/www.saimaalife.com\/fi\/wp-json\/wp\/v2\/media?parent=50124"}],"curies":[{"name":"wp","href":"https:\/\/api.w.org\/{rel}","templated":true}]}}